{"id":309,"date":"2020-01-13T11:17:52","date_gmt":"2020-01-13T11:17:52","guid":{"rendered":"https:\/\/demosites.io\/web-agency-gb\/?page_id=5"},"modified":"2025-05-24T15:44:26","modified_gmt":"2025-05-24T13:44:26","slug":"welcome","status":"publish","type":"page","link":"https:\/\/easyaupair.de\/ru\/","title":{"rendered":"\u0414\u043e\u0431\u0440\u043e \u043f\u043e\u0436\u0430\u043b\u043e\u0432\u0430\u0442\u044c"},"content":{"rendered":"<div class=\"wp-block-cover alignfull is-light\" style=\"min-height:1078px;aspect-ratio:unset;\"><span aria-hidden=\"true\" class=\"wp-block-cover__background has-background-dim-0 has-background-dim\"><\/span><img fetchpriority=\"high\" decoding=\"async\" width=\"1366\" height=\"768\" class=\"wp-block-cover__image-background wp-image-109\" alt=\"\" src=\"https:\/\/easyaupair.live-website.com\/wp-content\/uploads\/2020\/07\/web-design-studio-01.jpg.jpg\" style=\"object-position:50% 64%\" data-object-fit=\"cover\" data-object-position=\"50% 64%\" srcset=\"https:\/\/easyaupair.de\/wp-content\/uploads\/2020\/07\/web-design-studio-01.jpg.jpg 1366w, https:\/\/easyaupair.de\/wp-content\/uploads\/2020\/07\/web-design-studio-01.jpg-300x169.jpg 300w\" sizes=\"(max-width: 1366px) 100vw, 1366px\" \/><div class=\"wp-block-cover__inner-container is-layout-flow wp-block-cover-is-layout-flow\">\n<div style=\"height:80px\" aria-hidden=\"true\" class=\"wp-block-spacer\"><\/div>\n\n\n\n<h1 class=\"wp-block-heading has-text-align-center has-text-color\" style=\"color:#121212\">\u0414\u043e\u0431\u0440\u043e \u043f\u043e\u0436\u0430\u043b\u043e\u0432\u0430\u0442\u044c \u0432 \u0430\u0433\u0435\u043d\u0442\u0441\u0442\u0432\u043e \u043f\u043e \u043f\u043e\u0434\u0431\u043e\u0440\u0443 Au Pair \u0438\u0437 \u0422\u0430\u0434\u0436\u0438\u043a\u0438\u0441\u0442\u0430\u043d\u0430!&nbsp;<\/h1>\n\n\n\n<p class=\"has-text-align-center has-text-color\" style=\"color:#121212\">\u042f \u0441\u0432\u044f\u0437\u044b\u0432\u0430\u044e \u043c\u043e\u0442\u0438\u0432\u0438\u0440\u043e\u0432\u0430\u043d\u043d\u044b\u0445 Au-Pairs \u0438\u0437 \u0422\u0430\u0434\u0436\u0438\u043a\u0438\u0441\u0442\u0430\u043d\u0430 \u0441 \u043d\u0435\u043c\u0435\u0446\u043a\u0438\u043c\u0438 \u0433\u043e\u0441\u0442\u0435\u0432\u044b\u043c\u0438 \u0441\u0435\u043c\u044c\u044f\u043c\u0438, \u043a\u043e\u0442\u043e\u0440\u044b\u0435 \u0446\u0435\u043d\u044f\u0442 \u043f\u043e\u0434\u0434\u0435\u0440\u0436\u043a\u0443 \u0432 \u043f\u043e\u0432\u0441\u0435\u0434\u043d\u0435\u0432\u043d\u043e\u0439 \u0436\u0438\u0437\u043d\u0438 \u0438 \u043a\u0443\u043b\u044c\u0442\u0443\u0440\u043d\u044b\u0439 \u043e\u0431\u043c\u0435\u043d. \u041c\u043e\u0439 \u0441\u0435\u0440\u0432\u0438\u0441 \u0441\u043e\u043f\u0440\u043e\u0432\u043e\u0436\u0434\u0430\u0435\u0442 \u0432\u0430\u0441 \u043e\u0442 \u043f\u0435\u0440\u0432\u043e\u0433\u043e \u043a\u043e\u043d\u0442\u0430\u043a\u0442\u0430 \u0434\u043e \u0443\u0441\u043f\u0435\u0448\u043d\u043e\u0433\u043e \u043f\u043e\u0434\u0431\u043e\u0440\u0430 \u2013 \u043f\u0440\u043e\u0437\u0440\u0430\u0447\u043d\u043e, \u043d\u0430\u0434\u0435\u0436\u043d\u043e \u0438 \u0441 \u0434\u0443\u0448\u043e\u0439.<\/p>\n\n\n\n<div class=\"wp-block-buttons is-horizontal is-content-justification-center is-layout-flex wp-container-core-buttons-is-layout-1 wp-block-buttons-is-layout-flex\">\n<div class=\"wp-block-button\"><a class=\"wp-block-button__link wp-element-button\" href=\"https:\/\/easyaupair.de\/ru\/contact-me\/\">\u0421\u0432\u044f\u0436\u0438\u0442\u0435\u0441\u044c \u0441\u043e \u043c\u043d\u043e\u0439<\/a><\/div>\n<\/div>\n\n\n\n<div style=\"height:38px\" aria-hidden=\"true\" class=\"wp-block-spacer\"><\/div>\n\n\n\n<div style=\"height:80px\" aria-hidden=\"true\" class=\"wp-block-spacer\"><\/div>\n<\/div><\/div>\n\n\n\n<div style=\"height:100px\" aria-hidden=\"true\" class=\"wp-block-spacer\"><\/div>\n\n\n\n<div class=\"wp-block-columns is-layout-flex wp-container-core-columns-is-layout-1 wp-block-columns-is-layout-flex\">\n<div class=\"wp-block-column is-layout-flow wp-block-column-is-layout-flow\"><div class=\"wp-block-image icon-style is-style-rounded\">\n<figure class=\"aligncenter size-large\"><img decoding=\"async\" src=\"https:\/\/easyaupair.live-website.com\/wp-content\/uploads\/2020\/01\/neve-webdesign-GB-03.png\" alt=\"\" class=\"wp-image-20\" title=\"\"\/><\/figure><\/div>\n\n\n<div style=\"height:20px\" aria-hidden=\"true\" class=\"wp-block-spacer\"><\/div>\n\n\n\n<h3 class=\"wp-block-heading has-text-align-center has-neve-text-color-color has-text-color\">\u041d\u0430\u0434\u0451\u0436\u043d\u043e\u0435 \u043f\u043e\u0441\u0440\u0435\u0434\u043d\u0438\u0447\u0435\u0441\u0442\u0432\u043e<\/h3>\n\n\n\n<p class=\"has-text-align-center\">\u042f \u043e\u0431\u044a\u0435\u0434\u0438\u043d\u044f\u044e Au-Pairs \u0438\u0437 \u0422\u0430\u0434\u0436\u0438\u043a\u0438\u0441\u0442\u0430\u043d\u0430 \u0441 \u0437\u0430\u0431\u043e\u0442\u043b\u0438\u0432\u044b\u043c\u0438 \u0433\u043e\u0441\u0442\u0435\u0432\u044b\u043c\u0438 \u0441\u0435\u043c\u044c\u044f\u043c\u0438 \u0432 \u0413\u0435\u0440\u043c\u0430\u043d\u0438\u0438.<\/p>\n\n\n\n<div style=\"height:20px\" aria-hidden=\"true\" class=\"wp-block-spacer\"><\/div>\n<\/div>\n\n\n\n<div class=\"wp-block-column is-layout-flow wp-block-column-is-layout-flow\"><div class=\"wp-block-image icon-style is-style-rounded\">\n<figure class=\"aligncenter size-large\"><img decoding=\"async\" src=\"https:\/\/easyaupair.live-website.com\/wp-content\/uploads\/2020\/01\/neve-webdesign-GB-03.png\" alt=\"\" class=\"wp-image-20\" title=\"\"\/><\/figure><\/div>\n\n\n<div style=\"height:20px\" aria-hidden=\"true\" class=\"wp-block-spacer\"><\/div>\n\n\n\n<h3 class=\"wp-block-heading has-text-align-center has-neve-text-color-color has-text-color\">\u0418\u043d\u0434\u0438\u0432\u0438\u0434\u0443\u0430\u043b\u044c\u043d\u043e\u0435 \u0441\u043e\u043f\u0440\u043e\u0432\u043e\u0436\u0434\u0435\u043d\u0438\u0435<\/h3>\n\n\n\n<p class=\"has-text-align-center\">\u042f \u0441\u043e\u043f\u0440\u043e\u0432\u043e\u0436\u0434\u0430\u044e Au-Pairs \u0438 \u0441\u0435\u043c\u044c\u0438 \u043e\u0442 \u043f\u043e\u0434\u0430\u0447\u0438 \u0437\u0430\u044f\u0432\u043a\u0438 \u0434\u043e \u043f\u0440\u0438\u0431\u044b\u0442\u0438\u044f.<\/p>\n\n\n\n<div style=\"height:20px\" aria-hidden=\"true\" class=\"wp-block-spacer\"><\/div>\n<\/div>\n\n\n\n<div class=\"wp-block-column is-layout-flow wp-block-column-is-layout-flow\"><div class=\"wp-block-image icon-style is-style-rounded\">\n<figure class=\"aligncenter size-large\"><img decoding=\"async\" src=\"https:\/\/easyaupair.live-website.com\/wp-content\/uploads\/2020\/01\/neve-webdesign-GB-03.png\" alt=\"\" class=\"wp-image-20\" title=\"\"\/><\/figure><\/div>\n\n\n<div style=\"height:20px\" aria-hidden=\"true\" class=\"wp-block-spacer\"><\/div>\n\n\n\n<h3 class=\"wp-block-heading has-text-align-center has-neve-text-color-color has-text-color\">\u041a\u0443\u043b\u044c\u0442\u0443\u0440\u043d\u044b\u0439 \u043e\u0431\u043c\u0435\u043d<\/h3>\n\n\n\n<p class=\"has-text-align-center\">\u041e\u0431\u043e\u0433\u0430\u0449\u0430\u044e\u0449\u0438\u0439 \u043e\u043f\u044b\u0442 \u2013 \u0434\u043b\u044f \u0432\u0430\u0448\u0435\u0439 \u0441\u0435\u043c\u044c\u0438 \u0438\u043b\u0438 \u0434\u043b\u044f \u0442\u0435\u0431\u044f \u043a\u0430\u043a Au-Pair.<\/p>\n\n\n\n<p class=\"has-text-align-center\"><\/p>\n\n\n\n<div style=\"height:20px\" aria-hidden=\"true\" class=\"wp-block-spacer\"><\/div>\n<\/div>\n<\/div>\n\n\n\n<div class=\"wp-block-cover alignfull\" style=\"min-height:600px;aspect-ratio:unset;\"><span aria-hidden=\"true\" class=\"wp-block-cover__background has-nv-light-bg-background-color has-background-dim-100 has-background-dim\"><\/span><div class=\"wp-block-cover__inner-container is-layout-flow wp-block-cover-is-layout-flow\">\n<div class=\"wp-block-group\"><div class=\"wp-block-group__inner-container is-layout-flow wp-block-group-is-layout-flow\">\n<div class=\"wp-block-columns are-vertically-aligned-center is-layout-flex wp-container-core-columns-is-layout-2 wp-block-columns-is-layout-flex\">\n<div class=\"wp-block-column is-vertically-aligned-center is-layout-flow wp-block-column-is-layout-flow\" style=\"flex-basis:50%\">\n<figure class=\"wp-block-image size-large\"><img decoding=\"async\" width=\"747\" height=\"747\" src=\"https:\/\/easyaupair.live-website.com\/wp-content\/uploads\/2025\/03\/German-Familiy-edited.jpeg\" alt=\"\" class=\"wp-image-527\" srcset=\"https:\/\/easyaupair.de\/wp-content\/uploads\/2025\/03\/German-Familiy-edited.jpeg 747w, https:\/\/easyaupair.de\/wp-content\/uploads\/2025\/03\/German-Familiy-edited-300x300.jpeg 300w, https:\/\/easyaupair.de\/wp-content\/uploads\/2025\/03\/German-Familiy-edited-150x150.jpeg 150w, https:\/\/easyaupair.de\/wp-content\/uploads\/2025\/03\/German-Familiy-edited-12x12.jpeg 12w\" sizes=\"(max-width: 747px) 100vw, 747px\" \/><\/figure>\n<\/div>\n\n\n\n<div class=\"wp-block-column is-vertically-aligned-center is-layout-flow wp-block-column-is-layout-flow\" style=\"flex-basis:50%\">\n<div style=\"height:20px\" aria-hidden=\"true\" class=\"wp-block-spacer\"><\/div>\n\n\n\n<h2 class=\"wp-block-heading has-text-align-left has-neve-text-color-color has-text-color\">\u0414\u043b\u044f \u0433\u043e\u0441\u0442\u0435\u0432\u044b\u0445 \u0441\u0435\u043c\u0435\u0439<\/h2>\n\n\n\n<p class=\"has-text-align-left has-neve-text-color-color has-text-color\" style=\"font-size:17px\">\u0425\u043e\u0442\u0438\u0442\u0435 \u043e\u0431\u043e\u0433\u0430\u0442\u0438\u0442\u044c \u0441\u0432\u043e\u044e \u0441\u0435\u043c\u0435\u0439\u043d\u0443\u044e \u0436\u0438\u0437\u043d\u044c \u0438 \u043f\u043e\u043b\u0443\u0447\u0438\u0442\u044c \u043f\u043e\u0434\u0434\u0435\u0440\u0436\u043a\u0443 \u0432 \u043f\u043e\u0432\u0441\u0435\u0434\u043d\u0435\u0432\u043d\u044b\u0445 \u0434\u0435\u043b\u0430\u0445? Au-Pair \u043d\u0435 \u0442\u043e\u043b\u044c\u043a\u043e \u043e\u0431\u043b\u0435\u0433\u0447\u0430\u0435\u0442 \u0432\u0435\u0434\u0435\u043d\u0438\u0435 \u0445\u043e\u0437\u044f\u0439\u0441\u0442\u0432\u0430, \u043d\u043e \u0438 \u043f\u0440\u0438\u0432\u043d\u043e\u0441\u0438\u0442 \u0446\u0435\u043d\u043d\u044b\u0435 \u043a\u0443\u043b\u044c\u0442\u0443\u0440\u043d\u044b\u0435 \u0442\u0440\u0430\u0434\u0438\u0446\u0438\u0438 \u0432 \u0432\u0430\u0448 \u0434\u043e\u043c. \u042f \u043f\u043e\u043c\u043e\u0433\u0443 \u0432\u0430\u043c \u043d\u0430\u0439\u0442\u0438 \u043f\u043e\u0434\u0445\u043e\u0434\u044f\u0449\u0435\u0433\u043e \u043a\u0430\u043d\u0434\u0438\u0434\u0430\u0442\u0430, \u043a\u043e\u0442\u043e\u0440\u044b\u0439 \u0433\u0430\u0440\u043c\u043e\u043d\u0438\u0447\u043d\u043e \u0432\u043f\u0438\u0448\u0435\u0442\u0441\u044f \u0432 \u0432\u0430\u0448\u0443 \u0441\u0435\u043c\u044c\u044e \u2013 \u043e\u0442 \u043f\u043e\u0434\u0431\u043e\u0440\u0430 \u0434\u043e \u043f\u0440\u0438\u0431\u044b\u0442\u0438\u044f.<\/p>\n\n\n\n<div class=\"wp-block-buttons is-horizontal is-content-justification-left is-layout-flex wp-container-core-buttons-is-layout-2 wp-block-buttons-is-layout-flex\">\n<div class=\"wp-block-button\"><a class=\"wp-block-button__link wp-element-button\" href=\"https:\/\/easyaupair.de\/ru\/fuer-gastfamilie\/\">\u0418\u043d\u0444\u043e\u0440\u043c\u0430\u0446\u0438\u044f \u0434\u043b\u044f \u0433\u043e\u0441\u0442\u0435\u0432\u044b\u0445 \u0441\u0435\u043c\u0435\u0439<\/a><\/div>\n<\/div>\n<\/div>\n<\/div>\n\n\n\n<div style=\"height:40px\" aria-hidden=\"true\" class=\"wp-block-spacer\"><\/div>\n<\/div><\/div>\n<\/div><\/div>\n\n\n\n<div class=\"wp-block-cover alignfull\" style=\"min-height:673px;aspect-ratio:unset;\"><span aria-hidden=\"true\" class=\"wp-block-cover__background has-nv-site-bg-background-color has-background-dim-100 has-background-dim\"><\/span><div class=\"wp-block-cover__inner-container is-layout-flow wp-block-cover-is-layout-flow\">\n<div class=\"wp-block-group\"><div class=\"wp-block-group__inner-container is-layout-flow wp-block-group-is-layout-flow\">\n<div class=\"wp-block-columns are-vertically-aligned-center is-layout-flex wp-container-core-columns-is-layout-3 wp-block-columns-is-layout-flex\">\n<div class=\"wp-block-column is-vertically-aligned-center is-layout-flow wp-block-column-is-layout-flow\" style=\"flex-basis:50%\">\n<h2 class=\"wp-block-heading has-text-align-left has-neve-text-color-color has-text-color\">\u0414\u043b\u044f Au-Pairs<\/h2>\n\n\n\n<p class=\"has-text-align-left has-neve-text-color-color has-text-color\" style=\"font-size:17px\">\u041c\u0435\u0447\u0442\u0430\u0435\u0448\u044c \u043f\u0440\u043e\u0432\u0435\u0441\u0442\u0438 \u0433\u043e\u0434 \u0432 \u0413\u0435\u0440\u043c\u0430\u043d\u0438\u0438? \u0411\u0443\u0434\u0443\u0447\u0438 Au-Pair, \u0443 \u0442\u0435\u0431\u044f \u0435\u0441\u0442\u044c \u0432\u043e\u0437\u043c\u043e\u0436\u043d\u043e\u0441\u0442\u044c \u043f\u043e\u0437\u043d\u0430\u043a\u043e\u043c\u0438\u0442\u044c\u0441\u044f \u0441 \u043d\u043e\u0432\u043e\u0439 \u043a\u0443\u043b\u044c\u0442\u0443\u0440\u043e\u0439, \u0443\u043b\u0443\u0447\u0448\u0438\u0442\u044c \u0441\u0432\u043e\u0438 \u044f\u0437\u044b\u043a\u043e\u0432\u044b\u0435 \u043d\u0430\u0432\u044b\u043a\u0438 \u0438 \u043f\u043e\u043b\u0443\u0447\u0438\u0442\u044c \u0446\u0435\u043d\u043d\u044b\u0439 \u0436\u0438\u0437\u043d\u0435\u043d\u043d\u044b\u0439 \u043e\u043f\u044b\u0442. \u042f \u0441\u043e\u043f\u0440\u043e\u0432\u043e\u0436\u0434\u0430\u044e \u0442\u0435\u0431\u044f \u043d\u0430 \u043a\u0430\u0436\u0434\u043e\u043c \u044d\u0442\u0430\u043f\u0435 \u2013 \u043e\u0442 \u043f\u043e\u0434\u0430\u0447\u0438 \u0437\u0430\u044f\u0432\u043a\u0438 \u0434\u043e \u043f\u0440\u0438\u0431\u044b\u0442\u0438\u044f \u0432 \u0442\u0432\u043e\u044e \u0433\u043e\u0441\u0442\u0435\u0432\u0443\u044e \u0441\u0435\u043c\u044c\u044e.<\/p>\n\n\n\n<div class=\"wp-block-buttons is-horizontal is-content-justification-left is-layout-flex wp-container-core-buttons-is-layout-3 wp-block-buttons-is-layout-flex\">\n<div class=\"wp-block-button\"><a class=\"wp-block-button__link wp-element-button\" href=\"https:\/\/easyaupair.de\/ru\/fuer-au-pairs\/\">\u0418\u043d\u0444\u043e\u0440\u043c\u0430\u0446\u0438\u044f \u0434\u043b\u044f Au-Pairs<\/a><\/div>\n<\/div>\n\n\n\n<div style=\"height:40px\" aria-hidden=\"true\" class=\"wp-block-spacer\"><\/div>\n<\/div>\n\n\n\n<div class=\"wp-block-column is-vertically-aligned-center is-layout-flow wp-block-column-is-layout-flow\" style=\"flex-basis:50%\">\n<figure class=\"wp-block-image size-large\"><img decoding=\"async\" width=\"747\" height=\"747\" src=\"https:\/\/easyaupair.live-website.com\/wp-content\/uploads\/2025\/03\/Au_Pair__3-edited.jpeg\" alt=\"\" class=\"wp-image-528\" srcset=\"https:\/\/easyaupair.de\/wp-content\/uploads\/2025\/03\/Au_Pair__3-edited.jpeg 747w, https:\/\/easyaupair.de\/wp-content\/uploads\/2025\/03\/Au_Pair__3-edited-300x300.jpeg 300w, https:\/\/easyaupair.de\/wp-content\/uploads\/2025\/03\/Au_Pair__3-edited-150x150.jpeg 150w, https:\/\/easyaupair.de\/wp-content\/uploads\/2025\/03\/Au_Pair__3-edited-12x12.jpeg 12w\" sizes=\"(max-width: 747px) 100vw, 747px\" \/><\/figure>\n<\/div>\n<\/div>\n<\/div><\/div>\n<\/div><\/div>\n\n\n\n<div class=\"wp-block-group\"><div class=\"wp-block-group__inner-container is-layout-constrained wp-block-group-is-layout-constrained\">\n<h2 class=\"wp-block-heading has-text-align-left has-neve-text-color-color has-text-color\">\u041e\u043f\u044b\u0442 \u0441 Easy Au-Pair<\/h2>\n\n\n\n<div class=\"wp-block-columns is-layout-flex wp-container-core-columns-is-layout-4 wp-block-columns-is-layout-flex\">\n<div class=\"wp-block-column ticss-4ce656f1 is-layout-flow wp-block-column-is-layout-flow\">\n<figure class=\"wp-block-image size-large is-resized is-style-rounded\"><img loading=\"lazy\" decoding=\"async\" width=\"768\" height=\"769\" src=\"https:\/\/easyaupair.live-website.com\/wp-content\/uploads\/2025\/03\/Farangis2-edited.jpg\" alt=\"\" class=\"wp-image-380\" style=\"aspect-ratio:1;width:107px;height:auto\" srcset=\"https:\/\/easyaupair.de\/wp-content\/uploads\/2025\/03\/Farangis2-edited.jpg 768w, https:\/\/easyaupair.de\/wp-content\/uploads\/2025\/03\/Farangis2-edited-300x300.jpg 300w, https:\/\/easyaupair.de\/wp-content\/uploads\/2025\/03\/Farangis2-edited-150x150.jpg 150w\" sizes=\"(max-width: 768px) 100vw, 768px\" \/><\/figure>\n\n\n\n<p class=\"has-text-align-left has-neve-text-color-color has-text-color\">\u00ab\u041a\u043e\u0433\u0434\u0430 \u044f \u0432\u043d\u0435\u0437\u0430\u043f\u043d\u043e \u043e\u0441\u0442\u0430\u043b\u0430\u0441\u044c \u0431\u0435\u0437 \u0433\u043e\u0441\u0442\u0435\u0432\u043e\u0439 \u0441\u0435\u043c\u044c\u0438, \u044f \u0431\u044b\u043b\u0430 \u0432 \u043e\u0442\u0447\u0430\u044f\u043d\u0438\u0438. \u041a \u0441\u0447\u0430\u0441\u0442\u044c\u044e, Easy Au-Pair \u0431\u044b\u0441\u0442\u0440\u043e \u0438 \u0431\u0435\u0437 \u043b\u0438\u0448\u043d\u0438\u0445 \u0441\u043b\u043e\u0436\u043d\u043e\u0441\u0442\u0435\u0439 \u043f\u043e\u043c\u043e\u0433\u043b\u0438 \u043c\u043d\u0435, \u0438 \u0443\u0436\u0435 \u0447\u0435\u0440\u0435\u0437 \u043d\u0435\u0441\u043a\u043e\u043b\u044c\u043a\u043e \u0434\u043d\u0435\u0439 \u044f \u0441\u043c\u043e\u0433\u043b\u0430 \u043f\u0435\u0440\u0435\u0435\u0445\u0430\u0442\u044c \u0432 \u043d\u043e\u0432\u0443\u044e \u0441\u0435\u043c\u044c\u044e. \u042f \u043e\u0447\u0435\u043d\u044c \u0431\u043b\u0430\u0433\u043e\u0434\u0430\u0440\u043d\u0430 \u0437\u0430 \u044d\u0442\u043e!\u00bb<\/p>\n\n\n\n<p class=\"has-neve-text-color-color has-text-color\"><strong>\u0424\u0410\u0420\u0410\u041d\u0413\u0418\u0421<\/strong><\/p>\n\n\n\n<div style=\"height:20px\" aria-hidden=\"true\" class=\"wp-block-spacer\"><\/div>\n<\/div>\n\n\n\n<div class=\"wp-block-column is-layout-flow wp-block-column-is-layout-flow\"><\/div>\n\n\n\n<div class=\"wp-block-column ticss-f6fc7494 is-layout-flow wp-block-column-is-layout-flow\">\n<figure class=\"wp-block-image size-large is-resized is-style-rounded\"><img loading=\"lazy\" decoding=\"async\" width=\"600\" height=\"600\" src=\"https:\/\/easyaupair.live-website.com\/wp-content\/uploads\/2025\/03\/Farkhunda2-edited.jpg\" alt=\"\" class=\"wp-image-382\" style=\"width:99px;height:auto\" srcset=\"https:\/\/easyaupair.de\/wp-content\/uploads\/2025\/03\/Farkhunda2-edited.jpg 600w, https:\/\/easyaupair.de\/wp-content\/uploads\/2025\/03\/Farkhunda2-edited-300x300.jpg 300w, https:\/\/easyaupair.de\/wp-content\/uploads\/2025\/03\/Farkhunda2-edited-150x150.jpg 150w\" sizes=\"(max-width: 600px) 100vw, 600px\" \/><\/figure>\n\n\n\n<p class=\"has-text-align-left has-neve-text-color-color has-text-color\">\u00ab\u042f \u043c\u043e\u0433\u0443 \u0441 \u0443\u0432\u0435\u0440\u0435\u043d\u043d\u043e\u0441\u0442\u044c\u044e \u0440\u0435\u043a\u043e\u043c\u0435\u043d\u0434\u043e\u0432\u0430\u0442\u044c Au-Pair \u0430\u0433\u0435\u043d\u0442\u0441\u0442\u0432\u043e \u0438\u0437 \u0422\u0430\u0434\u0436\u0438\u043a\u0438\u0441\u0442\u0430\u043d\u0430. Easy Au-Pair \u043f\u043e\u043c\u043e\u0433\u043b\u0438 \u043c\u043d\u0435 \u043d\u0430\u0439\u0442\u0438 \u0437\u0430\u043c\u0435\u0447\u0430\u0442\u0435\u043b\u044c\u043d\u0443\u044e \u0433\u043e\u0441\u0442\u0435\u0432\u0443\u044e \u0441\u0435\u043c\u044c\u044e, \u0432 \u043a\u043e\u0442\u043e\u0440\u043e\u0439 \u044f \u0447\u0443\u0432\u0441\u0442\u0432\u043e\u0432\u0430\u043b\u0430 \u0441\u0435\u0431\u044f \u043e\u0447\u0435\u043d\u044c \u043a\u043e\u043c\u0444\u043e\u0440\u0442\u043d\u043e.\u00bb<\/p>\n\n\n\n<p class=\"has-neve-text-color-color has-text-color\"><strong>\u0424\u0410\u0420\u0425\u0423\u041d\u0414\u0410<\/strong><\/p>\n\n\n\n<div style=\"height:20px\" aria-hidden=\"true\" class=\"wp-block-spacer\"><\/div>\n<\/div>\n\n\n\n<div class=\"wp-block-column ticss-a5b4df29 is-layout-flow wp-block-column-is-layout-flow\">\n<div style=\"height:24px\" aria-hidden=\"true\" class=\"wp-block-spacer\"><\/div>\n\n\n\n<div style=\"height:20px\" aria-hidden=\"true\" class=\"wp-block-spacer\"><\/div>\n<\/div>\n<\/div>\n<\/div><\/div>","protected":false},"excerpt":{"rendered":"<p>Zuverl\u00e4ssige Vermittlung Ich bringe Au-Pairs aus Tadschikistan mit liebevollen Gastfamilien in Deutschland zusammen. Individuelle Betreuung Ich begleite Au-Pairs und Familien von der Bewerbung bis zur Ankunft. Kultureller Austausch Eine bereichernde Erfahrung \u2013 f\u00fcr Ihre Familie oder f\u00fcr dich als Au-pair Erfahrungen mit Easy Au-Pair &#8222;Als ich pl\u00f6tzlich ohne Gastfamilie dastand, war ich verzweifelt. Zum Gl\u00fcck&hellip;&nbsp;<a href=\"https:\/\/easyaupair.de\/ru\/\" rel=\"bookmark\">\u041f\u043e\u0434\u0440\u043e\u0431\u043d\u0435\u0435 &raquo;<span class=\"screen-reader-text\">\u0414\u043e\u0431\u0440\u043e \u043f\u043e\u0436\u0430\u043b\u043e\u0432\u0430\u0442\u044c<\/span><\/a><\/p>","protected":false},"author":1,"featured_media":0,"parent":0,"menu_order":0,"comment_status":"closed","ping_status":"closed","template":"","meta":{"neve_meta_sidebar":"default","neve_meta_container":"default","neve_meta_enable_content_width":"on","neve_meta_content_width":100,"neve_meta_title_alignment":"","neve_meta_author_avatar":"","neve_post_elements_order":"","neve_meta_disable_header":"","neve_meta_disable_footer":"","neve_meta_disable_title":"on","_themeisle_gutenberg_block_has_review":false,"_kadence_starter_templates_imported_post":false,"footnotes":""},"class_list":["post-309","page","type-page","status-publish","hentry"],"_links":{"self":[{"href":"https:\/\/easyaupair.de\/ru\/wp-json\/wp\/v2\/pages\/309","targetHints":{"allow":["GET"]}}],"collection":[{"href":"https:\/\/easyaupair.de\/ru\/wp-json\/wp\/v2\/pages"}],"about":[{"href":"https:\/\/easyaupair.de\/ru\/wp-json\/wp\/v2\/types\/page"}],"author":[{"embeddable":true,"href":"https:\/\/easyaupair.de\/ru\/wp-json\/wp\/v2\/users\/1"}],"replies":[{"embeddable":true,"href":"https:\/\/easyaupair.de\/ru\/wp-json\/wp\/v2\/comments?post=309"}],"version-history":[{"count":16,"href":"https:\/\/easyaupair.de\/ru\/wp-json\/wp\/v2\/pages\/309\/revisions"}],"predecessor-version":[{"id":611,"href":"https:\/\/easyaupair.de\/ru\/wp-json\/wp\/v2\/pages\/309\/revisions\/611"}],"wp:attachment":[{"href":"https:\/\/easyaupair.de\/ru\/wp-json\/wp\/v2\/media?parent=309"}],"curies":[{"name":"wp","href":"https:\/\/api.w.org\/{rel}","templated":true}]}}