{"id":547,"date":"2025-03-11T07:32:25","date_gmt":"2025-03-11T06:32:25","guid":{"rendered":"https:\/\/easyaupair.live-website.com\/?page_id=547"},"modified":"2025-04-04T10:14:01","modified_gmt":"2025-04-04T08:14:01","slug":"prozess","status":"publish","type":"page","link":"https:\/\/easyaupair.de\/ru\/prozess\/","title":{"rendered":"\u041f\u0440\u043e\u0446\u0435\u0441\u0441 \u0434\u043b\u044f Au-Pair"},"content":{"rendered":"<p>\u0427\u0442\u043e\u0431\u044b \u043f\u043e\u0435\u0445\u0430\u0442\u044c \u0432 \u0413\u0435\u0440\u043c\u0430\u043d\u0438\u044e \u0432 \u043a\u0430\u0447\u0435\u0441\u0442\u0432\u0435 Au-Pair, \u0442\u0435\u0431\u0435 \u0441\u043d\u0430\u0447\u0430\u043b\u0430 \u043d\u0443\u0436\u043d\u043e \u043f\u043e\u0434\u0430\u0442\u044c \u0437\u0430\u044f\u0432\u043b\u0435\u043d\u0438\u0435 \u043d\u0430 \u0432\u0438\u0437\u0443 \u0432 \u0441\u043e\u043e\u0442\u0432\u0435\u0442\u0441\u0442\u0432\u0443\u044e\u0449\u0435\u0435 \u043f\u043e\u0441\u043e\u043b\u044c\u0441\u0442\u0432\u043e \u0424\u0435\u0434\u0435\u0440\u0430\u0442\u0438\u0432\u043d\u043e\u0439 \u0420\u0435\u0441\u043f\u0443\u0431\u043b\u0438\u043a\u0438 \u0413\u0435\u0440\u043c\u0430\u043d\u0438\u044f \u0432 \u0442\u0432\u043e\u0435\u0439 \u0441\u0442\u0440\u0430\u043d\u0435. \u0412 \u043d\u0430\u0441\u0442\u043e\u044f\u0449\u0435\u0435 \u0432\u0440\u0435\u043c\u044f \u0432\u0438\u0437\u0430, \u043a\u0430\u043a \u043f\u0440\u0430\u0432\u0438\u043b\u043e, \u0432\u044b\u0434\u0430\u0435\u0442\u0441\u044f \u0441\u0440\u0430\u0437\u0443 \u043d\u0430 \u043e\u0434\u0438\u043d \u0433\u043e\u0434, \u0447\u0442\u043e\u0431\u044b \u0440\u0430\u0437\u0433\u0440\u0443\u0437\u0438\u0442\u044c \u0432\u0435\u0434\u043e\u043c\u0441\u0442\u0432\u0430 \u043f\u043e \u0434\u0435\u043b\u0430\u043c \u0438\u043d\u043e\u0441\u0442\u0440\u0430\u043d\u0446\u0435\u0432. \u0420\u0430\u043d\u044c\u0448\u0435 \u0432\u0438\u0437\u0430 \u0447\u0430\u0441\u0442\u043e \u0434\u0435\u0439\u0441\u0442\u0432\u043e\u0432\u0430\u043b\u0430 \u0442\u043e\u043b\u044c\u043a\u043e \u0442\u0440\u0438 \u043c\u0435\u0441\u044f\u0446\u0430, \u043f\u043e\u0441\u043b\u0435 \u0447\u0435\u0433\u043e \u043d\u0435\u043e\u0431\u0445\u043e\u0434\u0438\u043c\u043e \u0431\u044b\u043b\u043e \u043f\u043e\u0434\u0430\u0442\u044c \u0437\u0430\u044f\u0432\u043b\u0435\u043d\u0438\u0435 \u043d\u0430 \u0440\u0430\u0437\u0440\u0435\u0448\u0435\u043d\u0438\u0435 \u043d\u0430 \u0432\u0440\u0435\u043c\u0435\u043d\u043d\u043e\u0435 \u043f\u0440\u0435\u0431\u044b\u0432\u0430\u043d\u0438\u0435 (Aufenthaltserlaubnis).<\/p>\n\n\n\n<h3 class=\"wp-block-heading\">\u041f\u0440\u043e\u0446\u0435\u0441\u0441 \u0434\u0435\u043b\u0438\u0442\u0441\u044f \u043d\u0430 \u0441\u043b\u0435\u0434\u0443\u044e\u0449\u0438\u0435 \u044d\u0442\u0430\u043f\u044b:<\/h3>\n\n\n\n<h3 class=\"wp-block-heading\">1. \u041f\u043e\u0434\u0430\u0442\u044c \u0437\u0430\u044f\u0432\u043b\u0435\u043d\u0438\u0435 \u043d\u0430 \u0432\u0438\u0437\u0443.<\/h3>\n\n\n\n<ul class=\"wp-block-list\">\n<li>\u041f\u043e\u0434\u0430\u0447\u0430 \u0437\u0430\u044f\u0432\u043b\u0435\u043d\u0438\u044f \u043d\u0430 \u0432\u0438\u0437\u0443 \u0432 \u043d\u0435\u043c\u0435\u0446\u043a\u043e\u043c \u043f\u043e\u0441\u043e\u043b\u044c\u0441\u0442\u0432\u0435 \u0432 \u0442\u0432\u043e\u0435\u0439 \u0441\u0442\u0440\u0430\u043d\u0435.<\/li>\n\n\n\n<li>\u0412 \u043d\u0430\u0441\u0442\u043e\u044f\u0449\u0435\u0435 \u0432\u0440\u0435\u043c\u044f \u0442\u0435\u0431\u0435 \u0432\u044b\u0434\u0430\u0435\u0442\u0441\u044f \u0432\u0438\u0437\u0430, \u043a\u043e\u0442\u043e\u0440\u0430\u044f \u0441\u0440\u0430\u0437\u0443 \u0434\u0435\u0439\u0441\u0442\u0432\u0443\u0435\u0442 \u0432 \u0442\u0435\u0447\u0435\u043d\u0438\u0435 \u043e\u0434\u043d\u043e\u0433\u043e \u0433\u043e\u0434\u0430, \u0447\u0442\u043e\u0431\u044b \u0441\u043e\u043a\u0440\u0430\u0442\u0438\u0442\u044c \u043d\u0430\u0433\u0440\u0443\u0437\u043a\u0443 \u043d\u0430 \u0433\u043e\u0441\u0443\u0434\u0430\u0440\u0441\u0442\u0432\u0435\u043d\u043d\u044b\u0435 \u043e\u0440\u0433\u0430\u043d\u044b.<\/li>\n\n\n\n<li>\u0412\u044b\u0434\u0430\u0447\u0430 \u0432\u0438\u0437\u044b \u043e\u0431\u044b\u0447\u043d\u043e \u0437\u0430\u043d\u0438\u043c\u0430\u0435\u0442 \u043e\u043a\u043e\u043b\u043e 6\u201312 \u043d\u0435\u0434\u0435\u043b\u044c, \u043f\u043e\u0441\u043a\u043e\u043b\u044c\u043a\u0443 \u0442\u0440\u0435\u0431\u0443\u0435\u0442\u0441\u044f \u0441\u043e\u0433\u043b\u0430\u0441\u043e\u0432\u0430\u043d\u0438\u0435 \u0441 \u0432\u0435\u0434\u043e\u043c\u0441\u0442\u0432\u043e\u043c \u043f\u043e \u0434\u0435\u043b\u0430\u043c \u0438\u043d\u043e\u0441\u0442\u0440\u0430\u043d\u0446\u0435\u0432, \u043e\u0442\u0432\u0435\u0442\u0441\u0442\u0432\u0435\u043d\u043d\u044b\u043c \u0437\u0430 \u043c\u0435\u0441\u0442\u043e \u0436\u0438\u0442\u0435\u043b\u044c\u0441\u0442\u0432\u0430 \u0433\u043e\u0441\u0442\u0435\u0432\u043e\u0439 \u0441\u0435\u043c\u044c\u0438, \u0430 \u0442\u0430\u043a\u0436\u0435 \u0441 \u0430\u0433\u0435\u043d\u0442\u0441\u0442\u0432\u043e\u043c \u043f\u043e \u0442\u0440\u0443\u0434\u043e\u0443\u0441\u0442\u0440\u043e\u0439\u0441\u0442\u0432\u0443.<\/li>\n\n\n\n<li>\u042d\u0442\u0430 \u0432\u0438\u0437\u0430 \u0432\u0441\u0435\u0433\u0434\u0430 \u043f\u0440\u0438\u0432\u044f\u0437\u0430\u043d\u0430 \u043a \u043a\u043e\u043d\u043a\u0440\u0435\u0442\u043d\u043e\u0439 \u0433\u043e\u0441\u0442\u0435\u0432\u043e\u0439 \u0441\u0435\u043c\u044c\u0435.<\/li>\n<\/ul>\n\n\n\n<h3 class=\"wp-block-heading\">2. \u041f\u043e\u0434\u0430\u0442\u044c \u0437\u0430\u044f\u0432\u043b\u0435\u043d\u0438\u0435 \u043d\u0430 \u043f\u043e\u043b\u0443\u0447\u0435\u043d\u0438\u0435 \u0432\u0440\u0435\u043c\u0435\u043d\u043d\u043e\u0433\u043e \u0440\u0430\u0437\u0440\u0435\u0448\u0435\u043d\u0438\u044f \u043d\u0430 \u043f\u0440\u0435\u0431\u044b\u0432\u0430\u043d\u0438\u0435 (Aufenthaltserlaubnis), \u0435\u0441\u043b\u0438 \u044d\u0442\u043e \u043d\u0435\u043e\u0431\u0445\u043e\u0434\u0438\u043c\u043e.<\/h3>\n\n\n\n<ul class=\"wp-block-list\">\n<li>\u0415\u0441\u043b\u0438 \u0442\u044b \u043f\u043e\u043b\u0443\u0447\u0438\u043b(\u0430) \u0432\u0438\u0437\u0443 \u0442\u043e\u043b\u044c\u043a\u043e \u043d\u0430 \u0442\u0440\u0438 \u043c\u0435\u0441\u044f\u0446\u0430, \u043d\u0435\u043e\u0431\u0445\u043e\u0434\u0438\u043c\u043e \u0441\u0432\u043e\u0435\u0432\u0440\u0435\u043c\u0435\u043d\u043d\u043e (\u0434\u043e \u043e\u043a\u043e\u043d\u0447\u0430\u043d\u0438\u044f \u0441\u0440\u043e\u043a\u0430 \u0435\u0451 \u0434\u0435\u0439\u0441\u0442\u0432\u0438\u044f) \u043f\u043e\u0434\u0430\u0442\u044c \u0437\u0430\u044f\u0432\u043b\u0435\u043d\u0438\u0435 \u043d\u0430 \u0432\u0440\u0435\u043c\u0435\u043d\u043d\u043e\u0435 \u0440\u0430\u0437\u0440\u0435\u0448\u0435\u043d\u0438\u0435 \u043d\u0430 \u043f\u0440\u0435\u0431\u044b\u0432\u0430\u043d\u0438\u0435 (Aufenthaltserlaubnis) \u0432 \u0441\u043e\u043e\u0442\u0432\u0435\u0442\u0441\u0442\u0432\u0443\u044e\u0449\u0435\u0435 \u0432\u0435\u0434\u043e\u043c\u0441\u0442\u0432\u043e \u043f\u043e \u0434\u0435\u043b\u0430\u043c \u0438\u043d\u043e\u0441\u0442\u0440\u0430\u043d\u0446\u0435\u0432.<\/li>\n\n\n\n<li>\u042d\u0442\u043e \u0440\u0430\u0437\u0440\u0435\u0448\u0435\u043d\u0438\u0435, \u043a\u0430\u043a \u043f\u0440\u0430\u0432\u0438\u043b\u043e, \u0432\u044b\u0434\u0430\u0451\u0442\u0441\u044f \u043d\u0430 \u0432\u0435\u0441\u044c \u043f\u0435\u0440\u0438\u043e\u0434 \u0442\u0432\u043e\u0435\u0433\u043e \u043f\u0440\u0435\u0431\u044b\u0432\u0430\u043d\u0438\u044f (\u043e\u0431\u044b\u0447\u043d\u043e \u0434\u043e 12 \u043c\u0435\u0441\u044f\u0446\u0435\u0432) \u0438 \u043f\u0440\u0438\u0432\u044f\u0437\u0430\u043d\u043e \u043a \u043a\u043e\u043d\u043a\u0440\u0435\u0442\u043d\u043e\u0439 \u0433\u043e\u0441\u0442\u0435\u0432\u043e\u0439 \u0441\u0435\u043c\u044c\u0435.<\/li>\n<\/ul>\n\n\n\n<h3 class=\"wp-block-heading\">3. \u0420\u0435\u0433\u0438\u0441\u0442\u0440\u0430\u0446\u0438\u044f \u0432 \u0432\u0435\u0434\u043e\u043c\u0441\u0442\u0432\u0435 \u043f\u043e \u0434\u0435\u043b\u0430\u043c \u0440\u0435\u0433\u0438\u0441\u0442\u0440\u0430\u0446\u0438\u0438 \u043d\u0430\u0441\u0435\u043b\u0435\u043d\u0438\u044f (Einwohnermeldeamt).<\/h3>\n\n\n\n<ul class=\"wp-block-list\">\n<li>\u0412 \u0442\u0435\u0447\u0435\u043d\u0438\u0435 \u0434\u0432\u0443\u0445 \u043d\u0435\u0434\u0435\u043b\u044c \u043f\u043e\u0441\u043b\u0435 \u0442\u0432\u043e\u0435\u0433\u043e \u043f\u0440\u0438\u0431\u044b\u0442\u0438\u044f \u0433\u043e\u0441\u0442\u0435\u0432\u0430\u044f \u0441\u0435\u043c\u044c\u044f \u0437\u0430\u0440\u0435\u0433\u0438\u0441\u0442\u0440\u0438\u0440\u0443\u0435\u0442 \u0442\u0435\u0431\u044f \u0432 \u0441\u043e\u043e\u0442\u0432\u0435\u0442\u0441\u0442\u0432\u0443\u044e\u0449\u0435\u043c \u0432\u0435\u0434\u043e\u043c\u0441\u0442\u0432\u0435 \u043f\u043e \u0434\u0435\u043b\u0430\u043c \u0440\u0435\u0433\u0438\u0441\u0442\u0440\u0430\u0446\u0438\u0438 \u043d\u0430\u0441\u0435\u043b\u0435\u043d\u0438\u044f (Einwohnermeldeamt).<\/li>\n\n\n\n<li>\u042d\u0442\u043e \u043d\u0435\u043e\u0431\u0445\u043e\u0434\u0438\u043c\u0430\u044f \u0444\u043e\u0440\u043c\u0430\u043b\u044c\u043d\u043e\u0441\u0442\u044c \u0438 \u043e\u0431\u044f\u0437\u0430\u0442\u0435\u043b\u044c\u043d\u0430\u044f \u043f\u043e \u0437\u0430\u043a\u043e\u043d\u0443 \u043f\u0440\u043e\u0446\u0435\u0434\u0443\u0440\u0430.<\/li>\n<\/ul>\n\n\n\n<hr class=\"wp-block-separator has-alpha-channel-opacity\"\/>\n\n\n\n<h3 class=\"wp-block-heading\">\u26a0\ufe0f \u0412\u0430\u0436\u043d\u0430\u044f \u0438\u043d\u0444\u043e\u0440\u043c\u0430\u0446\u0438\u044f:<\/h3>\n\n\n\n<ul class=\"wp-block-list\">\n<li>\u0420\u0430\u0441\u0445\u043e\u0434\u044b \u043d\u0430 \u0440\u0435\u0433\u0438\u0441\u0442\u0440\u0430\u0446\u0438\u044e \u0438 \u0441\u0431\u043e\u0440\u044b \u0433\u043e\u0441\u0443\u0434\u0430\u0440\u0441\u0442\u0432\u0435\u043d\u043d\u044b\u0445 \u043e\u0440\u0433\u0430\u043d\u043e\u0432, \u043a\u0430\u043a \u043f\u0440\u0430\u0432\u0438\u043b\u043e, \u043e\u043f\u043b\u0430\u0447\u0438\u0432\u0430\u0435\u0442 \u0442\u0432\u043e\u044f \u0433\u043e\u0441\u0442\u0435\u0432\u0430\u044f \u0441\u0435\u043c\u044c\u044f.<\/li>\n\n\n\n<li>\u0427\u0442\u043e\u0431\u044b \u0440\u0430\u0437\u0433\u0440\u0443\u0437\u0438\u0442\u044c \u0433\u043e\u0441\u0443\u0434\u0430\u0440\u0441\u0442\u0432\u0435\u043d\u043d\u044b\u0435 \u043e\u0440\u0433\u0430\u043d\u044b, \u043c\u043d\u043e\u0433\u0438\u0435 \u043f\u043e\u0441\u043e\u043b\u044c\u0441\u0442\u0432\u0430 \u0432 \u043d\u0430\u0441\u0442\u043e\u044f\u0449\u0435\u0435 \u0432\u0440\u0435\u043c\u044f \u0432\u044b\u0434\u0430\u044e\u0442 \u0432\u0438\u0437\u044b \u0441\u0440\u0430\u0437\u0443 \u043d\u0430 \u0446\u0435\u043b\u044b\u0439 \u0433\u043e\u0434.<\/li>\n\n\n\n<li>\u0421\u0440\u043e\u043a \u0440\u0430\u0441\u0441\u043c\u043e\u0442\u0440\u0435\u043d\u0438\u044f \u0432\u0438\u0437\u044b \u043e\u0431\u044b\u0447\u043d\u043e \u0441\u043e\u0441\u0442\u0430\u0432\u043b\u044f\u0435\u0442 \u043e\u043a\u043e\u043b\u043e 3 \u043c\u0435\u0441\u044f\u0446\u0435\u0432 (12 \u043d\u0435\u0434\u0435\u043b\u044c), \u043d\u043e \u0432 \u043e\u0442\u0434\u0435\u043b\u044c\u043d\u044b\u0445 \u0441\u043b\u0443\u0447\u0430\u044f\u0445 \u043c\u043e\u0436\u0435\u0442 \u0437\u0430\u043d\u044f\u0442\u044c \u0431\u043e\u043b\u044c\u0448\u0435 \u0432\u0440\u0435\u043c\u0435\u043d\u0438. \u041f\u043e\u044d\u0442\u043e\u043c\u0443 \u043f\u043e\u0434\u0430\u0432\u0430\u0439 \u0437\u0430\u044f\u0432\u043b\u0435\u043d\u0438\u0435 \u043a\u0430\u043a \u043c\u043e\u0436\u043d\u043e \u0440\u0430\u043d\u044c\u0448\u0435.<\/li>\n<\/ul>","protected":false},"excerpt":{"rendered":"<p>Um als Au-pair nach Deutschland einreisen zu k\u00f6nnen, musst du zuerst ein Visum bei der zust\u00e4ndigen Botschaft der Bundesrepublik Deutschland in deinem Heimatland beantragen. Das Visum wird aktuell meist direkt f\u00fcr einen Zeitraum von einem Jahr vergeben, um die Ausl\u00e4nderbeh\u00f6rden zu entlasten. Fr\u00fcher galt das Visum oft nur drei Monate, sodass danach eine Aufenthaltserlaubnis beantragt&hellip;&nbsp;<a href=\"https:\/\/easyaupair.de\/ru\/prozess\/\" rel=\"bookmark\">\u041f\u043e\u0434\u0440\u043e\u0431\u043d\u0435\u0435 &raquo;<span class=\"screen-reader-text\">\u041f\u0440\u043e\u0446\u0435\u0441\u0441 \u0434\u043b\u044f Au-Pair<\/span><\/a><\/p>","protected":false},"author":1,"featured_media":0,"parent":0,"menu_order":0,"comment_status":"closed","ping_status":"closed","template":"","meta":{"neve_meta_sidebar":"","neve_meta_container":"","neve_meta_enable_content_width":"","neve_meta_content_width":0,"neve_meta_title_alignment":"","neve_meta_author_avatar":"","neve_post_elements_order":"","neve_meta_disable_header":"","neve_meta_disable_footer":"","neve_meta_disable_title":"","_themeisle_gutenberg_block_has_review":false,"_kadence_starter_templates_imported_post":false,"footnotes":""},"class_list":["post-547","page","type-page","status-publish","hentry"],"_links":{"self":[{"href":"https:\/\/easyaupair.de\/ru\/wp-json\/wp\/v2\/pages\/547","targetHints":{"allow":["GET"]}}],"collection":[{"href":"https:\/\/easyaupair.de\/ru\/wp-json\/wp\/v2\/pages"}],"about":[{"href":"https:\/\/easyaupair.de\/ru\/wp-json\/wp\/v2\/types\/page"}],"author":[{"embeddable":true,"href":"https:\/\/easyaupair.de\/ru\/wp-json\/wp\/v2\/users\/1"}],"replies":[{"embeddable":true,"href":"https:\/\/easyaupair.de\/ru\/wp-json\/wp\/v2\/comments?post=547"}],"version-history":[{"count":5,"href":"https:\/\/easyaupair.de\/ru\/wp-json\/wp\/v2\/pages\/547\/revisions"}],"predecessor-version":[{"id":574,"href":"https:\/\/easyaupair.de\/ru\/wp-json\/wp\/v2\/pages\/547\/revisions\/574"}],"wp:attachment":[{"href":"https:\/\/easyaupair.de\/ru\/wp-json\/wp\/v2\/media?parent=547"}],"curies":[{"name":"wp","href":"https:\/\/api.w.org\/{rel}","templated":true}]}}