{"id":554,"date":"2025-03-31T08:10:57","date_gmt":"2025-03-31T06:10:57","guid":{"rendered":"https:\/\/easyaupair.live-website.com\/?page_id=554"},"modified":"2025-04-04T11:22:01","modified_gmt":"2025-04-04T09:22:01","slug":"kostenuebsersicht","status":"publish","type":"page","link":"https:\/\/easyaupair.de\/ru\/kostenuebsersicht\/","title":{"rendered":"\u041e\u0431\u0437\u043e\u0440 \u0440\u0430\u0441\u0445\u043e\u0434\u043e\u0432 \u2013 Easy Au Pair"},"content":{"rendered":"<p>\u041f\u0440\u043e\u0437\u0440\u0430\u0447\u043d\u043e\u0441\u0442\u044c \u0438 \u044f\u0441\u043d\u043e\u0441\u0442\u044c \u0434\u043b\u044f \u043c\u0435\u043d\u044f \u043e\u0447\u0435\u043d\u044c \u0432\u0430\u0436\u043d\u044b. \u0427\u0442\u043e\u0431\u044b \u0441 \u0441\u0430\u043c\u043e\u0433\u043e \u043d\u0430\u0447\u0430\u043b\u0430 \u0432\u0441\u0451 \u0431\u044b\u043b\u043e \u043f\u043e\u043d\u044f\u0442\u043d\u043e, \u0437\u0434\u0435\u0441\u044c \u0432\u044b \u043d\u0430\u0439\u0434\u0451\u0442\u0435 \u0441\u0432\u043e\u0434\u043a\u0443 \u0432\u0441\u0435\u0445 \u043f\u0440\u0435\u0434\u043f\u043e\u043b\u0430\u0433\u0430\u0435\u043c\u044b\u0445 \u0440\u0430\u0441\u0445\u043e\u0434\u043e\u0432 \u0434\u043b\u044f Au-Pairs \u0438 \u0433\u043e\u0441\u0442\u0435\u0432\u044b\u0445 \u0441\u0435\u043c\u0435\u0439.<\/p>\n\n\n\n<h2 class=\"wp-block-heading\">\ud83c\udf0d \u0420\u0430\u0441\u0445\u043e\u0434\u044b \u0434\u043b\u044f Au-Pair<\/h2>\n\n\n\n<p>\u042d\u0442\u0438 \u0440\u0430\u0441\u0445\u043e\u0434\u044b \u043e\u043f\u043b\u0430\u0447\u0438\u0432\u0430\u0435\u0442 Au-Pair \u0441\u0430\u043c\u043e\u0441\u0442\u043e\u044f\u0442\u0435\u043b\u044c\u043d\u043e:<\/p>\n\n\n\n<figure class=\"wp-block-table\"><table class=\"has-fixed-layout\"><thead><tr><th>\u0421\u0442\u0430\u0442\u044c\u044f \u0440\u0430\u0441\u0445\u043e\u0434\u043e\u0432<\/th><th>\u0421\u0443\u043c\u043c\u0430<\/th><th>\u041f\u0440\u0438\u043c\u0435\u0447\u0430\u043d\u0438\u0435<\/th><\/tr><\/thead><tbody><tr><td><strong>\u0422\u0440\u0430\u043d\u0441\u043f\u043e\u0440\u0442\u043d\u044b\u0435 \u0440\u0430\u0441\u0445\u043e\u0434\u044b (\u0430\u0432\u0438\u0430\u0431\u0438\u043b\u0435\u0442)<\/strong><\/td><td>\u0438\u043d\u0434\u0438\u0432\u0438\u0434\u0443\u0430\u043b\u044c\u043d\u043e<\/td><td>Au-Pair \u0441\u0430\u043c\u043e\u0441\u0442\u043e\u044f\u0442\u0435\u043b\u044c\u043d\u043e \u043e\u043f\u043b\u0430\u0447\u0438\u0432\u0430\u0435\u0442 \u043f\u0435\u0440\u0435\u043b\u0451\u0442 \u0432 \u043e\u0431\u0435 \u0441\u0442\u043e\u0440\u043e\u043d\u044b.<\/td><\/tr><tr><td><strong>\u0412\u0438\u0437\u0430<\/strong><\/td><td>\u043e\u043a\u043e\u043b\u043e 75 \u20ac<\/td><td>\u0421\u043c. \u0442\u0430\u043a\u0436\u0435 \u0441\u0430\u0439\u0442 \u041f\u043e\u0441\u043e\u043b\u044c\u0441\u0442\u0432\u0430 \u0413\u0435\u0440\u043c\u0430\u043d\u0438\u0438 \u0432 \u0414\u0443\u0448\u0430\u043d\u0431\u0435 (<a href=\"https:\/\/duschanbe.diplo.de\/tj-ru\/service\/05-visaeinreise\/1681900-1681900\">\u0441\u0441\u044b\u043b\u043a\u0430<\/a>)<\/td><\/tr><\/tbody><\/table><\/figure>\n\n\n\n<h2 class=\"wp-block-heading\">\ud83c\udfe0 \u0420\u0430\u0441\u0445\u043e\u0434\u044b \u0434\u043b\u044f \u0433\u043e\u0441\u0442\u0435\u0432\u043e\u0439 \u0441\u0435\u043c\u044c\u0438<\/h2>\n\n\n\n<p>\u042d\u0442\u0438 \u0440\u0430\u0441\u0445\u043e\u0434\u044b \u0431\u0435\u0440\u0451\u0442 \u043d\u0430 \u0441\u0435\u0431\u044f \u0433\u043e\u0441\u0442\u0435\u0432\u0430\u044f \u0441\u0435\u043c\u044c\u044f:<\/p>\n\n\n\n<figure class=\"wp-block-table\"><table class=\"has-fixed-layout\"><thead><tr><th>\u0421\u0442\u0430\u0442\u044c\u044f \u0440\u0430\u0441\u0445\u043e\u0434\u043e\u0432<\/th><th>\u0421\u0443\u043c\u043c\u0430<\/th><th>\u041f\u0440\u0438\u043c\u0435\u0447\u0430\u043d\u0438\u0435<\/th><\/tr><\/thead><tbody><tr><td><strong>\u041a\u0430\u0440\u043c\u0430\u043d\u043d\u044b\u0435 \u0434\u0435\u043d\u044c\u0433\u0438<\/strong><\/td><td>280 \u20ac \u0432 \u043c\u0435\u0441\u044f\u0446<\/td><td>\u041e\u0431\u044f\u0437\u0430\u0442\u0435\u043b\u044c\u043d\u043e\u0435 \u0442\u0440\u0435\u0431\u043e\u0432\u0430\u043d\u0438\u0435 \u043f\u043e \u0437\u0430\u043a\u043e\u043d\u0443<\/td><\/tr><tr><td><strong>\u042f\u0437\u044b\u043a\u043e\u0432\u043e\u0439 \u043a\u0443\u0440\u0441<\/strong><\/td><td>70 \u20ac \u0432 \u043c\u0435\u0441\u044f\u0446<\/td><td>\u041e\u0431\u044f\u0437\u0430\u0442\u0435\u043b\u0435\u043d \u0434\u043b\u044f \u043a\u0430\u0436\u0434\u043e\u0433\u043e Au-Pair<\/td><\/tr><tr><td><strong>\u041f\u0440\u043e\u0435\u0437\u0434 \u0434\u043e \u044f\u0437\u044b\u043a\u043e\u0432\u043e\u0433\u043e \u043a\u0443\u0440\u0441\u0430<\/strong><\/td><td>\u0438\u043d\u0434\u0438\u0432\u0438\u0434\u0443\u0430\u043b\u044c\u043d\u043e<\/td><td>\u041f\u043e\u0435\u0437\u0434\u043a\u0438 \u0434\u043e \u0431\u043b\u0438\u0436\u0430\u0439\u0448\u0435\u0433\u043e \u043f\u043e\u0434\u0445\u043e\u0434\u044f\u0449\u0435\u0433\u043e \u044f\u0437\u044b\u043a\u043e\u0432\u043e\u0433\u043e \u043a\u0443\u0440\u0441\u0430<\/td><\/tr><tr><td><strong>\u0421\u0442\u0440\u0430\u0445\u043e\u0432\u043a\u0430 (\u043e\u0442 \u043d\u0435\u0441\u0447\u0430\u0441\u0442\u043d\u044b\u0445 \u0441\u043b\u0443\u0447\u0430\u0435\u0432, \u043c\u0435\u0434\u0438\u0446\u0438\u043d\u0441\u043a\u0430\u044f, \u0433\u0440\u0430\u0436\u0434\u0430\u043d\u0441\u043a\u0430\u044f \u043e\u0442\u0432\u0435\u0442\u0441\u0442\u0432\u0435\u043d\u043d\u043e\u0441\u0442\u044c)<\/strong><\/td><td>\u043e\u043a\u043e\u043b\u043e 30\u201350 \u20ac \u0432 \u043c\u0435\u0441\u044f\u0446<\/td><td>\u042f \u0441 \u0440\u0430\u0434\u043e\u0441\u0442\u044c\u044e \u043f\u043e\u043c\u043e\u0433\u0443 \u0441 \u0432\u044b\u0431\u043e\u0440\u043e\u043c<\/td><\/tr><tr><td><strong>\u041f\u043e\u0441\u0440\u0435\u0434\u043d\u0438\u0447\u0435\u0441\u043a\u0438\u0439 \u0441\u0431\u043e\u0440 (\u0430\u0433\u0435\u043d\u0442\u0441\u0442\u0432\u043e)<\/strong><\/td><td>800 \u20ac (\u0435\u0434\u0438\u043d\u043e\u0432\u0440\u0435\u043c\u0435\u043d\u043d\u043e)<\/td><td><strong>\u0421\u043e\u0433\u043b\u0430\u0441\u043d\u043e \u0434\u043e\u0433\u043e\u0432\u043e\u0440\u0451\u043d\u043d\u043e\u0441\u0442\u0438<\/strong><\/td><\/tr><tr><td><strong>\u041f\u0440\u043e\u0434\u043b\u0435\u043d\u0438\u0435 \u0432\u0438\u0434\u0430 \u043d\u0430 \u0436\u0438\u0442\u0435\u043b\u044c\u0441\u0442\u0432\u043e (eAT)<\/strong><\/td><td>\u043e\u043a\u043e\u043b\u043e 100 \u20ac (\u0435\u0434\u0438\u043d\u043e\u0432\u0440\u0435\u043c\u0435\u043d\u043d\u043e)<\/td><td>\u0422\u043e\u043b\u044c\u043a\u043e \u043f\u0440\u0438 \u043f\u0440\u043e\u0434\u043b\u0435\u043d\u0438\u0438 (\u043d\u0435 \u0442\u0440\u0435\u0431\u0443\u0435\u0442\u0441\u044f \u043f\u0440\u0438 12-\u043c\u0435\u0441\u044f\u0447\u043d\u043e\u0439 \u0432\u0438\u0437\u0435)<\/td><\/tr><tr><td><strong>\u0413\u043e\u0441\u0443\u0434\u0430\u0440\u0441\u0442\u0432\u0435\u043d\u043d\u044b\u0435 \u0441\u0431\u043e\u0440\u044b (\u0440\u0435\u0433\u0438\u0441\u0442\u0440\u0430\u0446\u0438\u044f \u0438 \u0442. \u0434.)<\/strong><\/td><td>\u0438\u043d\u0434\u0438\u0432\u0438\u0434\u0443\u0430\u043b\u044c\u043d\u043e, \u043d\u0435\u0431\u043e\u043b\u044c\u0448\u0438\u0435 \u0441\u0443\u043c\u043c\u044b<\/td><td>\u041e\u0431\u044b\u0447\u043d\u043e \u043e\u043f\u043b\u0430\u0447\u0438\u0432\u0430\u0435\u0442 \u0433\u043e\u0441\u0442\u0435\u0432\u0430\u044f \u0441\u0435\u043c\u044c\u044f<\/td><\/tr><\/tbody><\/table><\/figure>\n\n\n\n<hr class=\"wp-block-separator has-alpha-channel-opacity\"\/>\n\n\n\n<h2 class=\"wp-block-heading\">\u2139\ufe0f <strong>\u0412\u0430\u0436\u043d\u043e \u0437\u043d\u0430\u0442\u044c:<\/strong><\/h2>\n\n\n\n<ul class=\"wp-block-list\">\n<li>\u041a\u0443\u0440\u0441 \u043d\u0435\u043c\u0435\u0446\u043a\u043e\u0433\u043e \u044f\u0437\u044b\u043a\u0430 \u044f\u0432\u043b\u044f\u0435\u0442\u0441\u044f \u043e\u0431\u044f\u0437\u0430\u0442\u0435\u043b\u044c\u043d\u044b\u043c \u0434\u043b\u044f Au-Pairs.<\/li>\n\n\n\n<li>\u0421\u0440\u0435\u0434\u043d\u044f\u044f \u0441\u0442\u043e\u0438\u043c\u043e\u0441\u0442\u044c \u0441\u0442\u0440\u0430\u0445\u043e\u0432\u043a\u0438 \u0441\u043e\u0441\u0442\u0430\u0432\u043b\u044f\u0435\u0442 \u043f\u0440\u0438\u043c\u0435\u0440\u043d\u043e \u043e\u0442 30 \u0434\u043e 50 \u20ac \u0432 \u043c\u0435\u0441\u044f\u0446.<\/li>\n\n\n\n<li>\u0412 \u043d\u0430\u0441\u0442\u043e\u044f\u0449\u0435\u0435 \u0432\u0440\u0435\u043c\u044f \u043c\u043d\u043e\u0433\u0438\u0435 Au-Pairs \u043f\u043e\u043b\u0443\u0447\u0430\u044e\u0442 \u0433\u043e\u0434\u043e\u0432\u0443\u044e \u0432\u0438\u0437\u0443, \u0431\u043b\u0430\u0433\u043e\u0434\u0430\u0440\u044f \u0447\u0435\u043c\u0443 \u0440\u0430\u0441\u0445\u043e\u0434\u044b \u043d\u0430 \u043f\u0440\u043e\u0434\u043b\u0435\u043d\u0438\u0435 \u0447\u0430\u0441\u0442\u043e \u043e\u0442\u043f\u0430\u0434\u0430\u044e\u0442.<\/li>\n<\/ul>\n\n\n\n<hr class=\"wp-block-separator has-alpha-channel-opacity\"\/>\n\n\n\n<h2 class=\"wp-block-heading\">\ud83d\udcde \u041e\u0441\u0442\u0430\u043b\u0438\u0441\u044c \u0432\u043e\u043f\u0440\u043e\u0441\u044b?<\/h2>\n\n\n\n<p>\u042f \u0441 \u0440\u0430\u0434\u043e\u0441\u0442\u044c\u044e \u043f\u043e\u043c\u043e\u0433\u0443! \u0415\u0441\u043b\u0438 \u0443 \u0442\u0435\u0431\u044f \u0435\u0441\u0442\u044c \u0432\u043e\u043f\u0440\u043e\u0441\u044b \u2013 \u043f\u0440\u043e\u0441\u0442\u043e \u0441\u0432\u044f\u0436\u0438\u0441\u044c \u0441\u043e \u043c\u043d\u043e\u0439 \u043d\u0430\u043f\u0440\u044f\u043c\u0443\u044e.<\/p>\n\n\n\n<div class=\"wp-block-buttons is-layout-flex wp-block-buttons-is-layout-flex\">\n<div class=\"wp-block-button\"><a class=\"wp-block-button__link wp-element-button\" href=\"https:\/\/easyaupair.de\/ru\/contact-me\/\">\u0421\u0432\u044f\u0436\u0438\u0442\u0435\u0441\u044c \u0441\u043e \u043c\u043d\u043e\u0439.<\/a><\/div>\n<\/div>\n\n\n\n<p><\/p>","protected":false},"excerpt":{"rendered":"<p>Transparenz und Klarheit sind mir wichtig. Damit von Anfang an alles \u00fcbersichtlich bleibt, finden Sie hier eine Zusammenstellung aller anfallenden Kosten f\u00fcr Au-pairs und Gastfamilien auf einen Blick. \ud83c\udf0d Kosten f\u00fcr das Au-pair Diese Kosten tr\u00e4gt das Au-pair selbst: Kostenpunkt H\u00f6he der Kosten Hinweis Reisekosten (Flugticket) individuell Hin- und R\u00fcckflug tr\u00e4gt das Au-pair selbst. Visum&hellip;&nbsp;<a href=\"https:\/\/easyaupair.de\/ru\/kostenuebsersicht\/\" rel=\"bookmark\">\u041f\u043e\u0434\u0440\u043e\u0431\u043d\u0435\u0435 &raquo;<span class=\"screen-reader-text\">\u041e\u0431\u0437\u043e\u0440 \u0440\u0430\u0441\u0445\u043e\u0434\u043e\u0432 \u2013 Easy Au Pair<\/span><\/a><\/p>","protected":false},"author":1,"featured_media":0,"parent":0,"menu_order":0,"comment_status":"closed","ping_status":"closed","template":"","meta":{"neve_meta_sidebar":"","neve_meta_container":"","neve_meta_enable_content_width":"","neve_meta_content_width":0,"neve_meta_title_alignment":"","neve_meta_author_avatar":"","neve_post_elements_order":"","neve_meta_disable_header":"","neve_meta_disable_footer":"","neve_meta_disable_title":"","_themeisle_gutenberg_block_has_review":false,"_kadence_starter_templates_imported_post":false,"footnotes":""},"class_list":["post-554","page","type-page","status-publish","hentry"],"_links":{"self":[{"href":"https:\/\/easyaupair.de\/ru\/wp-json\/wp\/v2\/pages\/554","targetHints":{"allow":["GET"]}}],"collection":[{"href":"https:\/\/easyaupair.de\/ru\/wp-json\/wp\/v2\/pages"}],"about":[{"href":"https:\/\/easyaupair.de\/ru\/wp-json\/wp\/v2\/types\/page"}],"author":[{"embeddable":true,"href":"https:\/\/easyaupair.de\/ru\/wp-json\/wp\/v2\/users\/1"}],"replies":[{"embeddable":true,"href":"https:\/\/easyaupair.de\/ru\/wp-json\/wp\/v2\/comments?post=554"}],"version-history":[{"count":9,"href":"https:\/\/easyaupair.de\/ru\/wp-json\/wp\/v2\/pages\/554\/revisions"}],"predecessor-version":[{"id":587,"href":"https:\/\/easyaupair.de\/ru\/wp-json\/wp\/v2\/pages\/554\/revisions\/587"}],"wp:attachment":[{"href":"https:\/\/easyaupair.de\/ru\/wp-json\/wp\/v2\/media?parent=554"}],"curies":[{"name":"wp","href":"https:\/\/api.w.org\/{rel}","templated":true}]}}